{"id":2,"date":"2022-09-12T19:44:36","date_gmt":"2022-09-13T00:44:36","guid":{"rendered":"https:\/\/casinogourmet.club\/WP_Dev\/?page_id=2"},"modified":"2022-09-15T18:27:23","modified_gmt":"2022-09-15T23:27:23","slug":"nosotros","status":"publish","type":"page","link":"https:\/\/casinogourmet.club\/WP_Dev\/nosotros\/","title":{"rendered":"Team de Sommeliers"},"content":{"rendered":"\n<div class=\"wp-block-cover alignwide is-light has-custom-content-position is-position-top-left\" style=\"padding-right:50px;padding-left:50px;min-height:50px;aspect-ratio:unset;\"><span aria-hidden=\"true\" class=\"wp-block-cover__background has-secondary-background-color has-background-dim-100 has-background-dim\"><\/span><div class=\"wp-block-cover__inner-container is-layout-flow wp-block-cover-is-layout-flow\">\n<div class=\"wp-block-media-text alignwide is-stacked-on-mobile is-vertically-aligned-center is-image-fill\" style=\"grid-template-columns:30% auto\"><figure class=\"wp-block-media-text__media\" style=\"background-image:url(https:\/\/casinogourmet.club\/WP_Dev\/wp-content\/uploads\/2022\/09\/profile-01.jpg);background-position:50% 50%\"><img loading=\"lazy\" decoding=\"async\" width=\"370\" height=\"270\" src=\"https:\/\/casinogourmet.club\/WP_Dev\/wp-content\/uploads\/2022\/09\/profile-01.jpg\" alt=\"\" class=\"wp-image-162 size-full\" srcset=\"https:\/\/casinogourmet.club\/WP_Dev\/wp-content\/uploads\/2022\/09\/profile-01.jpg 370w, https:\/\/casinogourmet.club\/WP_Dev\/wp-content\/uploads\/2022\/09\/profile-01-300x219.jpg 300w\" sizes=\"auto, (max-width: 370px) 100vw, 370px\" \/><\/figure><div class=\"wp-block-media-text__content\">\n<h2 class=\"has-text-color wp-block-heading\" style=\"color:#000000;font-size:32px\"><strong>Celeste Larocca<\/strong><\/h2>\n\n\n\n<p><strong><em>Sommelier<\/em><\/strong> (CGPanam\u00e1)<\/p>\n\n\n\n<p class=\"has-text-color\" style=\"color:#000000;font-size:17px\">Graduada como Sommelier Internacional en la Escuela Argentina de Sommeliers. Se especializ\u00f3 en m\u00e1rketing de vino y organizaci\u00f3n de eventos sommelerie. Socia Fundadora de&nbsp;<a href=\"http:\/\/www.thenakedwine.com.ar\/\">The naked Wine<\/a>&nbsp;creando un nuevo concepto de acercamiento del vino a consumidores sin experiencia.<\/p>\n\n\n\n<div class=\"wp-block-buttons is-layout-flex wp-block-buttons-is-layout-flex\"><\/div>\n<\/div><\/div>\n<\/div><\/div>\n\n\n\n<div class=\"wp-block-cover alignwide is-light has-custom-content-position is-position-top-center\" style=\"padding-right:50px;padding-left:50px;min-height:50vh;aspect-ratio:unset;\"><span aria-hidden=\"true\" class=\"wp-block-cover__background has-secondary-background-color has-background-dim-100 has-background-dim\"><\/span><div class=\"wp-block-cover__inner-container is-layout-flow wp-block-cover-is-layout-flow\">\n<div class=\"wp-block-media-text alignwide is-stacked-on-mobile is-vertically-aligned-center is-image-fill\" style=\"grid-template-columns:29% auto\"><figure class=\"wp-block-media-text__media\" style=\"background-image:url(https:\/\/casinogourmet.club\/WP_Dev\/wp-content\/uploads\/2022\/09\/profile-02-1.jpg);background-position:50% 50%\"><img loading=\"lazy\" decoding=\"async\" width=\"370\" height=\"270\" src=\"https:\/\/casinogourmet.club\/WP_Dev\/wp-content\/uploads\/2022\/09\/profile-02-1.jpg\" alt=\"\" class=\"wp-image-163 size-full\" srcset=\"https:\/\/casinogourmet.club\/WP_Dev\/wp-content\/uploads\/2022\/09\/profile-02-1.jpg 370w, https:\/\/casinogourmet.club\/WP_Dev\/wp-content\/uploads\/2022\/09\/profile-02-1-300x219.jpg 300w\" sizes=\"auto, (max-width: 370px) 100vw, 370px\" \/><\/figure><div class=\"wp-block-media-text__content\">\n<h2 class=\"has-text-color wp-block-heading\" style=\"color:#000000;font-size:32px\"><strong>Tamara Ju\u00e1rez<\/strong><\/h2>\n\n\n\n<p><strong><em>Sommelier<\/em><\/strong> (CG Argentina)<\/p>\n\n\n\n<p class=\"has-text-align-left has-text-color\" style=\"color:#000000;font-size:17px\">Tamara se gradu\u00f3 con honores en la&nbsp;<a href=\"http:\/\/easommeliers.com\/secciones_BS\/nuestrascosechas2011.php\">Escuela Argentina de Sommeliers<\/a>. Fu\u00e9 elegida e invitada por Catherine P\u00e8re Verg\u00e9 a la bodega Monteviejo, donde particip\u00f3 de la cosecha y elaboraci\u00f3n de vino y form\u00f3 parte de las degustaciones de los vinos del grupo Clos de Los Siete, liderado por Michell Rolland. Apasionada por la comunicaci\u00f3n y el servicio.<\/p>\n<\/div><\/div>\n<\/div><\/div>\n","protected":false},"excerpt":{"rendered":"","protected":false},"author":1,"featured_media":350,"parent":0,"menu_order":2,"comment_status":"closed","ping_status":"closed","template":"","meta":{"ngg_post_thumbnail":0,"footnotes":""},"class_list":["post-2","page","type-page","status-publish","has-post-thumbnail","hentry"],"yoast_head":"<!-- This site is optimized with the Yoast SEO plugin v22.2 - https:\/\/yoast.com\/wordpress\/plugins\/seo\/ -->\n<title>Team de Sommeliers - Casino Gourmet<\/title>\n<meta name=\"robots\" content=\"index, follow, max-snippet:-1, max-image-preview:large, max-video-preview:-1\" \/>\n<link rel=\"canonical\" href=\"https:\/\/casinogourmet.club\/WP_Dev\/nosotros\/\" \/>\n<meta property=\"og:locale\" content=\"es_ES\" \/>\n<meta property=\"og:type\" content=\"article\" \/>\n<meta property=\"og:title\" content=\"Team de Sommeliers - Casino Gourmet\" \/>\n<meta property=\"og:url\" content=\"https:\/\/casinogourmet.club\/WP_Dev\/nosotros\/\" \/>\n<meta property=\"og:site_name\" content=\"Casino Gourmet\" \/>\n<meta property=\"article:publisher\" content=\"https:\/\/www.facebook.com\/casinogourmet\" \/>\n<meta property=\"article:modified_time\" content=\"2022-09-15T23:27:23+00:00\" \/>\n<meta property=\"og:image\" content=\"https:\/\/casinogourmet.club\/WP_Dev\/wp-content\/uploads\/2022\/09\/Top-Nosotros.webp\" \/>\n\t<meta property=\"og:image:width\" content=\"1280\" \/>\n\t<meta property=\"og:image:height\" content=\"507\" \/>\n\t<meta property=\"og:image:type\" content=\"image\/webp\" \/>\n<meta name=\"twitter:card\" content=\"summary_large_image\" \/>\n<script type=\"application\/ld+json\" class=\"yoast-schema-graph\">{\"@context\":\"https:\/\/schema.org\",\"@graph\":[{\"@type\":\"WebPage\",\"@id\":\"https:\/\/casinogourmet.club\/WP_Dev\/nosotros\/\",\"url\":\"https:\/\/casinogourmet.club\/WP_Dev\/nosotros\/\",\"name\":\"Team de Sommeliers - Casino Gourmet\",\"isPartOf\":{\"@id\":\"https:\/\/casinogourmet.club\/WP_Dev\/#website\"},\"primaryImageOfPage\":{\"@id\":\"https:\/\/casinogourmet.club\/WP_Dev\/nosotros\/#primaryimage\"},\"image\":{\"@id\":\"https:\/\/casinogourmet.club\/WP_Dev\/nosotros\/#primaryimage\"},\"thumbnailUrl\":\"https:\/\/casinogourmet.club\/WP_Dev\/wp-content\/uploads\/2022\/09\/Top-Nosotros.webp\",\"datePublished\":\"2022-09-13T00:44:36+00:00\",\"dateModified\":\"2022-09-15T23:27:23+00:00\",\"breadcrumb\":{\"@id\":\"https:\/\/casinogourmet.club\/WP_Dev\/nosotros\/#breadcrumb\"},\"inLanguage\":\"es\",\"potentialAction\":[{\"@type\":\"ReadAction\",\"target\":[\"https:\/\/casinogourmet.club\/WP_Dev\/nosotros\/\"]}]},{\"@type\":\"ImageObject\",\"inLanguage\":\"es\",\"@id\":\"https:\/\/casinogourmet.club\/WP_Dev\/nosotros\/#primaryimage\",\"url\":\"https:\/\/casinogourmet.club\/WP_Dev\/wp-content\/uploads\/2022\/09\/Top-Nosotros.webp\",\"contentUrl\":\"https:\/\/casinogourmet.club\/WP_Dev\/wp-content\/uploads\/2022\/09\/Top-Nosotros.webp\",\"width\":1280,\"height\":507},{\"@type\":\"BreadcrumbList\",\"@id\":\"https:\/\/casinogourmet.club\/WP_Dev\/nosotros\/#breadcrumb\",\"itemListElement\":[{\"@type\":\"ListItem\",\"position\":1,\"name\":\"Portada\",\"item\":\"https:\/\/casinogourmet.club\/WP_Dev\/\"},{\"@type\":\"ListItem\",\"position\":2,\"name\":\"Team de Sommeliers\"}]},{\"@type\":\"WebSite\",\"@id\":\"https:\/\/casinogourmet.club\/WP_Dev\/#website\",\"url\":\"https:\/\/casinogourmet.club\/WP_Dev\/\",\"name\":\"Casino Gourmet\",\"description\":\"Gamified Wine Experiences\",\"publisher\":{\"@id\":\"https:\/\/casinogourmet.club\/WP_Dev\/#organization\"},\"potentialAction\":[{\"@type\":\"SearchAction\",\"target\":{\"@type\":\"EntryPoint\",\"urlTemplate\":\"https:\/\/casinogourmet.club\/WP_Dev\/?s={search_term_string}\"},\"query-input\":\"required name=search_term_string\"}],\"inLanguage\":\"es\"},{\"@type\":\"Organization\",\"@id\":\"https:\/\/casinogourmet.club\/WP_Dev\/#organization\",\"name\":\"Casino Gourmet\",\"url\":\"https:\/\/casinogourmet.club\/WP_Dev\/\",\"logo\":{\"@type\":\"ImageObject\",\"inLanguage\":\"es\",\"@id\":\"https:\/\/casinogourmet.club\/WP_Dev\/#\/schema\/logo\/image\/\",\"url\":\"https:\/\/casinogourmet.club\/WP_Dev\/wp-content\/uploads\/2022\/09\/logo-casino-gourmet-.png\",\"contentUrl\":\"https:\/\/casinogourmet.club\/WP_Dev\/wp-content\/uploads\/2022\/09\/logo-casino-gourmet-.png\",\"width\":978,\"height\":441,\"caption\":\"Casino Gourmet\"},\"image\":{\"@id\":\"https:\/\/casinogourmet.club\/WP_Dev\/#\/schema\/logo\/image\/\"},\"sameAs\":[\"https:\/\/www.facebook.com\/casinogourmet\",\"https:\/\/www.instagram.com\/casinogourmet\/\"]}]}<\/script>\n<!-- \/ Yoast SEO plugin. -->","yoast_head_json":{"title":"Team de Sommeliers - Casino Gourmet","robots":{"index":"index","follow":"follow","max-snippet":"max-snippet:-1","max-image-preview":"max-image-preview:large","max-video-preview":"max-video-preview:-1"},"canonical":"https:\/\/casinogourmet.club\/WP_Dev\/nosotros\/","og_locale":"es_ES","og_type":"article","og_title":"Team de Sommeliers - Casino Gourmet","og_url":"https:\/\/casinogourmet.club\/WP_Dev\/nosotros\/","og_site_name":"Casino Gourmet","article_publisher":"https:\/\/www.facebook.com\/casinogourmet","article_modified_time":"2022-09-15T23:27:23+00:00","og_image":[{"width":1280,"height":507,"url":"https:\/\/casinogourmet.club\/WP_Dev\/wp-content\/uploads\/2022\/09\/Top-Nosotros.webp","type":"image\/webp"}],"twitter_card":"summary_large_image","schema":{"@context":"https:\/\/schema.org","@graph":[{"@type":"WebPage","@id":"https:\/\/casinogourmet.club\/WP_Dev\/nosotros\/","url":"https:\/\/casinogourmet.club\/WP_Dev\/nosotros\/","name":"Team de Sommeliers - Casino Gourmet","isPartOf":{"@id":"https:\/\/casinogourmet.club\/WP_Dev\/#website"},"primaryImageOfPage":{"@id":"https:\/\/casinogourmet.club\/WP_Dev\/nosotros\/#primaryimage"},"image":{"@id":"https:\/\/casinogourmet.club\/WP_Dev\/nosotros\/#primaryimage"},"thumbnailUrl":"https:\/\/casinogourmet.club\/WP_Dev\/wp-content\/uploads\/2022\/09\/Top-Nosotros.webp","datePublished":"2022-09-13T00:44:36+00:00","dateModified":"2022-09-15T23:27:23+00:00","breadcrumb":{"@id":"https:\/\/casinogourmet.club\/WP_Dev\/nosotros\/#breadcrumb"},"inLanguage":"es","potentialAction":[{"@type":"ReadAction","target":["https:\/\/casinogourmet.club\/WP_Dev\/nosotros\/"]}]},{"@type":"ImageObject","inLanguage":"es","@id":"https:\/\/casinogourmet.club\/WP_Dev\/nosotros\/#primaryimage","url":"https:\/\/casinogourmet.club\/WP_Dev\/wp-content\/uploads\/2022\/09\/Top-Nosotros.webp","contentUrl":"https:\/\/casinogourmet.club\/WP_Dev\/wp-content\/uploads\/2022\/09\/Top-Nosotros.webp","width":1280,"height":507},{"@type":"BreadcrumbList","@id":"https:\/\/casinogourmet.club\/WP_Dev\/nosotros\/#breadcrumb","itemListElement":[{"@type":"ListItem","position":1,"name":"Portada","item":"https:\/\/casinogourmet.club\/WP_Dev\/"},{"@type":"ListItem","position":2,"name":"Team de Sommeliers"}]},{"@type":"WebSite","@id":"https:\/\/casinogourmet.club\/WP_Dev\/#website","url":"https:\/\/casinogourmet.club\/WP_Dev\/","name":"Casino Gourmet","description":"Gamified Wine Experiences","publisher":{"@id":"https:\/\/casinogourmet.club\/WP_Dev\/#organization"},"potentialAction":[{"@type":"SearchAction","target":{"@type":"EntryPoint","urlTemplate":"https:\/\/casinogourmet.club\/WP_Dev\/?s={search_term_string}"},"query-input":"required name=search_term_string"}],"inLanguage":"es"},{"@type":"Organization","@id":"https:\/\/casinogourmet.club\/WP_Dev\/#organization","name":"Casino Gourmet","url":"https:\/\/casinogourmet.club\/WP_Dev\/","logo":{"@type":"ImageObject","inLanguage":"es","@id":"https:\/\/casinogourmet.club\/WP_Dev\/#\/schema\/logo\/image\/","url":"https:\/\/casinogourmet.club\/WP_Dev\/wp-content\/uploads\/2022\/09\/logo-casino-gourmet-.png","contentUrl":"https:\/\/casinogourmet.club\/WP_Dev\/wp-content\/uploads\/2022\/09\/logo-casino-gourmet-.png","width":978,"height":441,"caption":"Casino Gourmet"},"image":{"@id":"https:\/\/casinogourmet.club\/WP_Dev\/#\/schema\/logo\/image\/"},"sameAs":["https:\/\/www.facebook.com\/casinogourmet","https:\/\/www.instagram.com\/casinogourmet\/"]}]}},"_links":{"self":[{"href":"https:\/\/casinogourmet.club\/WP_Dev\/wp-json\/wp\/v2\/pages\/2","targetHints":{"allow":["GET"]}}],"collection":[{"href":"https:\/\/casinogourmet.club\/WP_Dev\/wp-json\/wp\/v2\/pages"}],"about":[{"href":"https:\/\/casinogourmet.club\/WP_Dev\/wp-json\/wp\/v2\/types\/page"}],"author":[{"embeddable":true,"href":"https:\/\/casinogourmet.club\/WP_Dev\/wp-json\/wp\/v2\/users\/1"}],"replies":[{"embeddable":true,"href":"https:\/\/casinogourmet.club\/WP_Dev\/wp-json\/wp\/v2\/comments?post=2"}],"version-history":[{"count":9,"href":"https:\/\/casinogourmet.club\/WP_Dev\/wp-json\/wp\/v2\/pages\/2\/revisions"}],"predecessor-version":[{"id":361,"href":"https:\/\/casinogourmet.club\/WP_Dev\/wp-json\/wp\/v2\/pages\/2\/revisions\/361"}],"wp:featuredmedia":[{"embeddable":true,"href":"https:\/\/casinogourmet.club\/WP_Dev\/wp-json\/wp\/v2\/media\/350"}],"wp:attachment":[{"href":"https:\/\/casinogourmet.club\/WP_Dev\/wp-json\/wp\/v2\/media?parent=2"}],"curies":[{"name":"wp","href":"https:\/\/api.w.org\/{rel}","templated":true}]}}